{"id":455,"date":"2018-07-10T20:23:10","date_gmt":"2018-07-10T20:23:10","guid":{"rendered":"http:\/\/www.tillansl.es\/certificaciones\/"},"modified":"2026-02-24T16:54:24","modified_gmt":"2026-02-24T16:54:24","slug":"certificaciones","status":"publish","type":"page","link":"https:\/\/tillansl.es\/en\/certificaciones\/","title":{"rendered":"Certifications"},"content":{"rendered":"<p>[vc_row css=&#8221;.vc_custom_1531256314102{margin-bottom: 30px !important;}&#8221;][vc_column width=&#8221;1\/2&#8243; offset=&#8221;vc_hidden-sm vc_hidden-xs&#8221;][vc_column_text]<\/p>\n<h2><span style=\"color: #144893;\">We really care about <\/span> <span style=\"color: #278bd9;\">quality<\/span><\/h2>\n<p>[\/vc_column_text][vc_column_text]Quality is a basic tool when comparing companies and their activities.<\/p>\n<p>The human capital, machinery and management systems used guarantee the highest quality in the treatment of its products, the greatest diversification in the provision of its services and the maximum punctuality in the delivery of its products.<\/p>\n<p>Over time we have developed and supported these policies by officially certifying our logistics processes. That is why we have several certifications that endorse our good practices.<\/p>\n<ul>\n<li><a href=\"https:\/\/tillansl.es\/wp-content\/uploads\/2024\/06\/Certificado_ISO_9001_T_ILLAN_2024.pdf\" target=\"_blank\" rel=\"noopener\">ISO 9001 certification<\/a>. This certifies that our operational and management processes comply with the highest quality standards in the transport sector.<\/li>\n<li><a href=\"https:\/\/tillansl.es\/wp-content\/uploads\/2024\/06\/Certificado_ISO_14001_T_ILLAN.pdf\" target=\"_blank\" rel=\"noopener\">ISO 14001 Certificate<\/a>. Guarantees that our operational processes are designed to protect the environment, reducing pollution and efficiently managing waste and energy consumption.<\/li>\n<li><a href=\"https:\/\/tillansl.es\/wp-content\/uploads\/2024\/06\/certificado_SQAS_T_ILLAN_2023_2026.pdf\" target=\"_blank\" rel=\"noopener\">SQAS<\/a>. Recognises compliance with the quality, safety and environmental protection requirements set by the chemical industry for logistics service providers.<\/li>\n<li><a href=\"https:\/\/tillansl.es\/wp-content\/uploads\/2025\/12\/doc_OCS_WEB.pdf\" target=\"_blank\" rel=\"noopener\">Operation Clean Sweep<\/a>. T. Ill\u00e1n has signed up to the international programme designed to prevent the spillage of plastic pellets (granules, flakes) and powders and their loss to the environment during handling.<\/li>\n<\/ul>\n<p>Internal quality policies:<\/p>\n<ul>\n<li><a href=\"https:\/\/tillansl.es\/wp-content\/uploads\/2025\/12\/POLITICA_INTEGRADA_DE_GESTION_2025_firmada.pdf\" target=\"_blank\" rel=\"noopener\">Integrated quality management policy<\/a><\/li>\n<li><a href=\"https:\/\/tillansl.es\/wp-content\/uploads\/2024\/06\/CODIGO_ETICO_T_ILLAN_2024.pdf\" target=\"_blank\" rel=\"noopener\">Code of Ethics and Conduct<\/a><\/li>\n<\/ul>\n<p>[\/vc_column_text][\/vc_column][vc_column width=&#8221;1\/2&#8243; offset=&#8221;vc_hidden-sm vc_hidden-xs&#8221;][vc_single_image image=&#8221;314&#8243; img_size=&#8221;full&#8221; alignment=&#8221;center&#8221;][vc_column_text css=&#8221;.vc_custom_1771951978159{margin-top: -15px !important;}&#8221;]<\/p>\n<p style=\"text-align: center;\"><a href=\"https:\/\/tillansl.es\/wp-content\/uploads\/2024\/06\/Certificado_ISO_9001_T_ILLAN_2024.pdf\" target=\"_blank\" rel=\"noopener\"><img loading=\"lazy\" decoding=\"async\" class=\"\" src=\"http:\/\/www.tillansl.es\/wp-content\/uploads\/2018\/07\/iso-300x300.jpg\" alt=\"\" width=\"84\" height=\"84\" \/><\/a>\u00a0\u00a0<a href=\"https:\/\/tillansl.es\/wp-content\/uploads\/2024\/06\/Certificado_ISO_14001_T_ILLAN.pdf\" target=\"_blank\" rel=\"noopener\"><img loading=\"lazy\" decoding=\"async\" class=\"alignnone wp-image-640\" title=\"Norma ISO 14001\" src=\"https:\/\/tillansl.es\/wp-content\/uploads\/2024\/06\/iso-14001-150x150.png\" alt=\"Norma ISO 14001\" width=\"84\" height=\"84\" srcset=\"https:\/\/tillansl.es\/wp-content\/uploads\/2024\/06\/iso-14001-150x150.png 150w, https:\/\/tillansl.es\/wp-content\/uploads\/2024\/06\/iso-14001-300x300.png 300w, https:\/\/tillansl.es\/wp-content\/uploads\/2024\/06\/iso-14001.png 577w\" sizes=\"(max-width: 84px) 100vw, 84px\" \/><\/a> <a href=\"https:\/\/tillansl.es\/wp-content\/uploads\/2024\/06\/certificado_SQAS_T_ILLAN_2023_2026.pdf\" target=\"_blank\" rel=\"noopener\"><img loading=\"lazy\" decoding=\"async\" class=\"alignnone size-full wp-image-650\" src=\"https:\/\/tillansl.es\/wp-content\/uploads\/2024\/06\/certificado-sqas-e1717412053641.png\" alt=\"Certificaci\u00f3n SQAS (Safety and Quality Assessment), cumplimiento de los requisitos exigidos para actividades de transporte y manipulaci\u00f3n de productos qu\u00edmicos.\" width=\"127\" height=\"85\" \/><\/a> <a href=\"https:\/\/tillansl.es\/wp-content\/uploads\/2025\/12\/doc_OCS_WEB.pdf\" target=\"_blank\" rel=\"noopener\"><img loading=\"lazy\" decoding=\"async\" class=\"aligncenter wp-image-657 size-full\" src=\"https:\/\/tillansl.es\/wp-content\/uploads\/2024\/06\/cero_pedidas_granza-2.jpg\" alt=\"Operation Clean Sweep, gesti\u00f3n responsable de los pl\u00e1sticos\" width=\"192\" height=\"93\" \/><\/a> <a href=\"https:\/\/tillansl.es\/wp-content\/uploads\/2025\/12\/POLITICA_INTEGRADA_DE_GESTION_2025_firmada.pdf\" target=\"_blank\" rel=\"noopener\"><img loading=\"lazy\" decoding=\"async\" class=\"alignnone wp-image-627\" style=\"margin-top: 8px;\" src=\"http:\/\/www.tillansl.es\/wp-content\/uploads\/2018\/08\/qpolicy-300x124.png\" alt=\"\" width=\"208\" height=\"86\" \/><\/a><a href=\"https:\/\/tillansl.es\/wp-content\/uploads\/2024\/06\/CODIGO_ETICO_T_ILLAN_2024.pdf\" target=\"_blank\" rel=\"noopener\"><img loading=\"lazy\" decoding=\"async\" class=\"alignnone wp-image-668\" title=\"C\u00f3digo \u00e9tico y de conducta\" src=\"https:\/\/tillansl.es\/wp-content\/uploads\/2024\/06\/codigo-etico-y-de-conducta.jpg\" alt=\"C\u00f3digo \u00e9tico y de conducta\" width=\"206\" height=\"85\" srcset=\"https:\/\/tillansl.es\/wp-content\/uploads\/2024\/06\/codigo-etico-y-de-conducta.jpg 620w, https:\/\/tillansl.es\/wp-content\/uploads\/2024\/06\/codigo-etico-y-de-conducta-300x124.jpg 300w\" sizes=\"(max-width: 206px) 100vw, 206px\" \/><\/a><a href=\"https:\/\/tillansl.es\/wp-content\/uploads\/2026\/02\/Huella_Carbono_2024_T.ILLAN_.pdf\" target=\"_blank\" rel=\"noopener\"><img loading=\"lazy\" decoding=\"async\" class=\"alignnone wp-image-754\" src=\"https:\/\/tillansl.es\/wp-content\/uploads\/2026\/02\/2024_H_Carbono.jpg\" alt=\"C\u00e1lculo de Huella de Carbono y obtenci\u00f3n del sello MITECO por T.ILLAN, S.L.\" width=\"120\" height=\"170\" \/><\/a><\/p>\n<p>[\/vc_column_text][\/vc_column][\/vc_row][vc_row css=&#8221;.vc_custom_1531256314102{margin-bottom: 30px !important;}&#8221;][vc_column offset=&#8221;vc_hidden-lg vc_hidden-md&#8221;][vc_single_image image=&#8221;94&#8243; img_size=&#8221;full&#8221; alignment=&#8221;center&#8221;][vc_column_text]<\/p>\n<h2><span style=\"color: #144893;\">We really care about <\/span> <span style=\"color: #278bd9;\">quality<\/span><\/h2>\n<p>[\/vc_column_text][vc_column_text]Quality is a basic tool when comparing companies and their activities.<\/p>\n<p>The human capital, machinery and management systems used guarantee the highest quality in the treatment of its products, the greatest diversification in the provision of its services and the maximum punctuality in the delivery of its products.<\/p>\n<p>Over time we have developed and supported these policies by officially certifying our logistics processes. That is why we have several certifications that endorse our good practices.<\/p>\n<ul>\n<li><a href=\"https:\/\/tillansl.es\/wp-content\/uploads\/2024\/06\/Certificado_ISO_9001_T_ILLAN_2024.pdf\" target=\"_blank\" rel=\"noopener\">ISO 9001 certification<\/a>. This certifies that our operational and management processes comply with the highest quality standards in the transport sector.<\/li>\n<li><a href=\"https:\/\/tillansl.es\/wp-content\/uploads\/2024\/06\/Certificado_ISO_14001_T_ILLAN.pdf\" target=\"_blank\" rel=\"noopener\">ISO 14001 Certificate<\/a>. Guarantees that our operational processes are designed to protect the environment, reducing pollution and efficiently managing waste and energy consumption.<\/li>\n<li><a href=\"https:\/\/tillansl.es\/wp-content\/uploads\/2024\/06\/certificado_SQAS_T_ILLAN_2023_2026.pdf\" target=\"_blank\" rel=\"noopener\">SQAS<\/a>. Recognises compliance with the quality, safety and environmental protection requirements set by the chemical industry for logistics service providers.<\/li>\n<li><a href=\"https:\/\/tillansl.es\/wp-content\/uploads\/2024\/06\/PROGRAMA_OCS_CERO_PERDIDAS_DE_GRANZA.pdf\" target=\"_blank\" rel=\"noopener\">Operation Clean Sweep<\/a>. T. Ill\u00e1n has signed up to the international programme designed to prevent the spillage of plastic pellets (granules, flakes) and powders and their loss to the environment during handling.<\/li>\n<\/ul>\n<p>Internal quality policies:<\/p>\n<ul>\n<li><a href=\"https:\/\/tillansl.es\/wp-content\/uploads\/2024\/06\/POLITICA_INTEGRADA_DE_GESTION_2024.pdf\" target=\"_blank\" rel=\"noopener\">Integrated quality management policy<\/a><\/li>\n<li><a href=\"https:\/\/tillansl.es\/wp-content\/uploads\/2024\/06\/CODIGO_ETICO_T_ILLAN_2024.pdf\" target=\"_blank\" rel=\"noopener\">Code of Ethics and Conduct<\/a><\/li>\n<\/ul>\n<p>[\/vc_column_text][vc_column_text css=&#8221;.vc_custom_1771952063030{margin-top: -15px !important;}&#8221;]<\/p>\n<p style=\"text-align: center;\"><a href=\"https:\/\/tillansl.es\/wp-content\/uploads\/2024\/06\/Certificado_ISO_9001_T_ILLAN_2024.pdf\" target=\"_blank\" rel=\"noopener\"><img loading=\"lazy\" decoding=\"async\" class=\"\" src=\"http:\/\/www.tillansl.es\/wp-content\/uploads\/2018\/07\/iso-300x300.jpg\" alt=\"\" width=\"84\" height=\"84\" \/><\/a>\u00a0\u00a0<a href=\"https:\/\/tillansl.es\/wp-content\/uploads\/2024\/06\/Certificado_ISO_14001_T_ILLAN.pdf\" target=\"_blank\" rel=\"noopener\"><img loading=\"lazy\" decoding=\"async\" class=\"alignnone wp-image-640\" title=\"Norma ISO 14001\" src=\"https:\/\/tillansl.es\/wp-content\/uploads\/2024\/06\/iso-14001-150x150.png\" alt=\"Norma ISO 14001\" width=\"84\" height=\"84\" srcset=\"https:\/\/tillansl.es\/wp-content\/uploads\/2024\/06\/iso-14001-150x150.png 150w, https:\/\/tillansl.es\/wp-content\/uploads\/2024\/06\/iso-14001-300x300.png 300w, https:\/\/tillansl.es\/wp-content\/uploads\/2024\/06\/iso-14001.png 577w\" sizes=\"(max-width: 84px) 100vw, 84px\" \/><\/a> <a href=\"https:\/\/tillansl.es\/wp-content\/uploads\/2024\/06\/certificado_SQAS_T_ILLAN_2023_2026.pdf\" target=\"_blank\" rel=\"noopener\"><img loading=\"lazy\" decoding=\"async\" class=\"alignnone size-full wp-image-650\" src=\"https:\/\/tillansl.es\/wp-content\/uploads\/2024\/06\/certificado-sqas-e1717412053641.png\" alt=\"Certificaci\u00f3n SQAS (Safety and Quality Assessment), cumplimiento de los requisitos exigidos para actividades de transporte y manipulaci\u00f3n de productos qu\u00edmicos.\" width=\"127\" height=\"85\" \/><\/a> <a href=\"https:\/\/tillansl.es\/wp-content\/uploads\/2024\/06\/PROGRAMA_OCS_CERO_PERDIDAS_DE_GRANZA.pdf\" target=\"_blank\" rel=\"noopener\"><img loading=\"lazy\" decoding=\"async\" class=\"size-full wp-image-657 aligncenter\" src=\"https:\/\/tillansl.es\/wp-content\/uploads\/2024\/06\/cero_pedidas_granza-2.jpg\" alt=\"Operation Clean Sweep, gesti\u00f3n responsable de los pl\u00e1sticos\" width=\"192\" height=\"93\" \/><\/a> <a href=\"https:\/\/tillansl.es\/wp-content\/uploads\/2024\/06\/POLITICA_INTEGRADA_DE_GESTION_2024.pdf\" target=\"_blank\" rel=\"noopener\"><img loading=\"lazy\" decoding=\"async\" class=\"alignnone wp-image-627\" style=\"margin-top: 8px;\" src=\"http:\/\/www.tillansl.es\/wp-content\/uploads\/2018\/08\/qpolicy-300x124.png\" alt=\"\" width=\"208\" height=\"86\" \/><\/a><a href=\"https:\/\/tillansl.es\/wp-content\/uploads\/2024\/06\/CODIGO_ETICO_T_ILLAN_2024.pdf\" target=\"_blank\" rel=\"noopener\"><img loading=\"lazy\" decoding=\"async\" class=\"alignnone wp-image-668\" title=\"C\u00f3digo \u00e9tico y de conducta\" src=\"https:\/\/tillansl.es\/wp-content\/uploads\/2024\/06\/codigo-etico-y-de-conducta.jpg\" alt=\"C\u00f3digo \u00e9tico y de conducta\" width=\"206\" height=\"85\" srcset=\"https:\/\/tillansl.es\/wp-content\/uploads\/2024\/06\/codigo-etico-y-de-conducta.jpg 620w, https:\/\/tillansl.es\/wp-content\/uploads\/2024\/06\/codigo-etico-y-de-conducta-300x124.jpg 300w\" sizes=\"(max-width: 206px) 100vw, 206px\" \/><\/a><a href=\"https:\/\/tillansl.es\/wp-content\/uploads\/2026\/02\/Huella_Carbono_2024_T.ILLAN_.pdf\" target=\"_blank\" rel=\"noopener\"><img loading=\"lazy\" decoding=\"async\" class=\"alignnone wp-image-754\" src=\"https:\/\/tillansl.es\/wp-content\/uploads\/2026\/02\/2024_H_Carbono.jpg\" alt=\"C\u00e1lculo de Huella de Carbono y obtenci\u00f3n del sello MITECO por T.ILLAN, S.L.\" width=\"60\" height=\"85\" \/><\/a><\/p>\n<p>[\/vc_column_text][\/vc_column][\/vc_row][vc_row full_width=&#8221;stretch_row&#8221; bg_type=&#8221;image&#8221; parallax_style=&#8221;vcpb-default&#8221; bg_image_new=&#8221;id^95|url^http:\/\/www.tillansl.es\/wp-content\/uploads\/2018\/07\/calidad.jpg|caption^null|alt^null|title^calidad|description^null&#8221; bg_image_posiiton=&#8221;0 65%&#8221;][vc_column width=&#8221;1\/2&#8243;][vc_empty_space height=&#8221;35px&#8221;][vc_column_text]<\/p>\n<h2><span style=\"color: #ffffff;\"><strong>Our quality policy is the watchword for who we are and how we operate:<\/strong><\/span><\/h2>\n<h3><span style=\"color: #ffffff; font-weight: lighter; font-size: 20px;\">Achieving the highest satisfaction for all interested parties and full delivery of the service contracted, through ongoing improvement by means of our quality system.<\/span><\/h3>\n<p>[\/vc_column_text][vc_empty_space height=&#8221;35px&#8221;][\/vc_column][vc_column width=&#8221;1\/2&#8243;][\/vc_column][\/vc_row]<\/p>\n","protected":false},"excerpt":{"rendered":"<p>[vc_row css=&#8221;.vc_custom_1531256314102{margin-bottom: 30px !important;}&#8221;][vc_column width=&#8221;1\/2&#8243; offset=&#8221;vc_hidden-sm vc_hidden-xs&#8221;][vc_column_text] We really care about quality [\/vc_column_text][vc_column_text]Quality is a basic tool when comparing companies and their activities. The human capital, machinery and management systems used guarantee the highest quality in the treatment of its products, the greatest diversification in the provision of its services and the maximum punctuality in&hellip;<\/p>\n","protected":false},"author":1,"featured_media":0,"parent":0,"menu_order":0,"comment_status":"closed","ping_status":"closed","template":"","meta":{"footnotes":""},"yoast_head":"<!-- This site is optimized with the Yoast SEO plugin v22.8 - https:\/\/yoast.com\/wordpress\/plugins\/seo\/ -->\n<title>Transportes Ill\u00e1n committed to quality<\/title>\n<meta name=\"description\" content=\"Our logistics processes ensure high quality and maximum environmental responsibility, minimising ecological impact.\" \/>\n<meta name=\"robots\" content=\"index, follow, max-snippet:-1, max-image-preview:large, max-video-preview:-1\" \/>\n<link rel=\"canonical\" href=\"https:\/\/tillansl.es\/en\/certificaciones\/\" \/>\n<meta property=\"og:locale\" content=\"en_US\" \/>\n<meta property=\"og:type\" content=\"article\" \/>\n<meta property=\"og:title\" content=\"Transportes Ill\u00e1n committed to quality\" \/>\n<meta property=\"og:description\" content=\"Our logistics processes ensure high quality and maximum environmental responsibility, minimising ecological impact.\" \/>\n<meta property=\"og:url\" content=\"https:\/\/tillansl.es\/en\/certificaciones\/\" \/>\n<meta property=\"og:site_name\" content=\"Transportes Ill\u00e1n\" \/>\n<meta property=\"article:modified_time\" content=\"2026-02-24T16:54:24+00:00\" \/>\n<meta property=\"og:image\" content=\"http:\/\/www.tillansl.es\/wp-content\/uploads\/2018\/07\/iso-300x300.jpg\" \/>\n<meta name=\"twitter:card\" content=\"summary_large_image\" \/>\n<meta name=\"twitter:label1\" content=\"Est. reading time\" \/>\n\t<meta name=\"twitter:data1\" content=\"5 minutes\" \/>\n<script type=\"application\/ld+json\" class=\"yoast-schema-graph\">{\"@context\":\"https:\/\/schema.org\",\"@graph\":[{\"@type\":\"WebPage\",\"@id\":\"https:\/\/tillansl.es\/en\/certificaciones\/\",\"url\":\"https:\/\/tillansl.es\/en\/certificaciones\/\",\"name\":\"Transportes Ill\u00e1n committed to quality\",\"isPartOf\":{\"@id\":\"https:\/\/tillansl.es\/#website\"},\"primaryImageOfPage\":{\"@id\":\"https:\/\/tillansl.es\/en\/certificaciones\/#primaryimage\"},\"image\":{\"@id\":\"https:\/\/tillansl.es\/en\/certificaciones\/#primaryimage\"},\"thumbnailUrl\":\"http:\/\/www.tillansl.es\/wp-content\/uploads\/2018\/07\/iso-300x300.jpg\",\"datePublished\":\"2018-07-10T20:23:10+00:00\",\"dateModified\":\"2026-02-24T16:54:24+00:00\",\"description\":\"Our logistics processes ensure high quality and maximum environmental responsibility, minimising ecological impact.\",\"breadcrumb\":{\"@id\":\"https:\/\/tillansl.es\/en\/certificaciones\/#breadcrumb\"},\"inLanguage\":\"en-US\",\"potentialAction\":[{\"@type\":\"ReadAction\",\"target\":[\"https:\/\/tillansl.es\/en\/certificaciones\/\"]}]},{\"@type\":\"ImageObject\",\"inLanguage\":\"en-US\",\"@id\":\"https:\/\/tillansl.es\/en\/certificaciones\/#primaryimage\",\"url\":\"http:\/\/www.tillansl.es\/wp-content\/uploads\/2018\/07\/iso-300x300.jpg\",\"contentUrl\":\"http:\/\/www.tillansl.es\/wp-content\/uploads\/2018\/07\/iso-300x300.jpg\"},{\"@type\":\"BreadcrumbList\",\"@id\":\"https:\/\/tillansl.es\/en\/certificaciones\/#breadcrumb\",\"itemListElement\":[{\"@type\":\"ListItem\",\"position\":1,\"name\":\"Portada\",\"item\":\"https:\/\/tillansl.es\/en\/\"},{\"@type\":\"ListItem\",\"position\":2,\"name\":\"Certifications\"}]},{\"@type\":\"WebSite\",\"@id\":\"https:\/\/tillansl.es\/#website\",\"url\":\"https:\/\/tillansl.es\/\",\"name\":\"Transportes Ill\u00e1n\",\"description\":\"Empresa l\u00edder en el transporte de mercanc\u00edas peligrosas y residuos\",\"alternateName\":\"T. Ill\u00e1n\",\"potentialAction\":[{\"@type\":\"SearchAction\",\"target\":{\"@type\":\"EntryPoint\",\"urlTemplate\":\"https:\/\/tillansl.es\/?s={search_term_string}\"},\"query-input\":\"required name=search_term_string\"}],\"inLanguage\":\"en-US\"}]}<\/script>\n<!-- \/ Yoast SEO plugin. -->","yoast_head_json":{"title":"Transportes Ill\u00e1n committed to quality","description":"Our logistics processes ensure high quality and maximum environmental responsibility, minimising ecological impact.","robots":{"index":"index","follow":"follow","max-snippet":"max-snippet:-1","max-image-preview":"max-image-preview:large","max-video-preview":"max-video-preview:-1"},"canonical":"https:\/\/tillansl.es\/en\/certificaciones\/","og_locale":"en_US","og_type":"article","og_title":"Transportes Ill\u00e1n committed to quality","og_description":"Our logistics processes ensure high quality and maximum environmental responsibility, minimising ecological impact.","og_url":"https:\/\/tillansl.es\/en\/certificaciones\/","og_site_name":"Transportes Ill\u00e1n","article_modified_time":"2026-02-24T16:54:24+00:00","og_image":[{"url":"http:\/\/www.tillansl.es\/wp-content\/uploads\/2018\/07\/iso-300x300.jpg"}],"twitter_card":"summary_large_image","twitter_misc":{"Est. reading time":"5 minutes"},"schema":{"@context":"https:\/\/schema.org","@graph":[{"@type":"WebPage","@id":"https:\/\/tillansl.es\/en\/certificaciones\/","url":"https:\/\/tillansl.es\/en\/certificaciones\/","name":"Transportes Ill\u00e1n committed to quality","isPartOf":{"@id":"https:\/\/tillansl.es\/#website"},"primaryImageOfPage":{"@id":"https:\/\/tillansl.es\/en\/certificaciones\/#primaryimage"},"image":{"@id":"https:\/\/tillansl.es\/en\/certificaciones\/#primaryimage"},"thumbnailUrl":"http:\/\/www.tillansl.es\/wp-content\/uploads\/2018\/07\/iso-300x300.jpg","datePublished":"2018-07-10T20:23:10+00:00","dateModified":"2026-02-24T16:54:24+00:00","description":"Our logistics processes ensure high quality and maximum environmental responsibility, minimising ecological impact.","breadcrumb":{"@id":"https:\/\/tillansl.es\/en\/certificaciones\/#breadcrumb"},"inLanguage":"en-US","potentialAction":[{"@type":"ReadAction","target":["https:\/\/tillansl.es\/en\/certificaciones\/"]}]},{"@type":"ImageObject","inLanguage":"en-US","@id":"https:\/\/tillansl.es\/en\/certificaciones\/#primaryimage","url":"http:\/\/www.tillansl.es\/wp-content\/uploads\/2018\/07\/iso-300x300.jpg","contentUrl":"http:\/\/www.tillansl.es\/wp-content\/uploads\/2018\/07\/iso-300x300.jpg"},{"@type":"BreadcrumbList","@id":"https:\/\/tillansl.es\/en\/certificaciones\/#breadcrumb","itemListElement":[{"@type":"ListItem","position":1,"name":"Portada","item":"https:\/\/tillansl.es\/en\/"},{"@type":"ListItem","position":2,"name":"Certifications"}]},{"@type":"WebSite","@id":"https:\/\/tillansl.es\/#website","url":"https:\/\/tillansl.es\/","name":"Transportes Ill\u00e1n","description":"Empresa l\u00edder en el transporte de mercanc\u00edas peligrosas y residuos","alternateName":"T. Ill\u00e1n","potentialAction":[{"@type":"SearchAction","target":{"@type":"EntryPoint","urlTemplate":"https:\/\/tillansl.es\/?s={search_term_string}"},"query-input":"required name=search_term_string"}],"inLanguage":"en-US"}]}},"_links":{"self":[{"href":"https:\/\/tillansl.es\/en\/wp-json\/wp\/v2\/pages\/455"}],"collection":[{"href":"https:\/\/tillansl.es\/en\/wp-json\/wp\/v2\/pages"}],"about":[{"href":"https:\/\/tillansl.es\/en\/wp-json\/wp\/v2\/types\/page"}],"author":[{"embeddable":true,"href":"https:\/\/tillansl.es\/en\/wp-json\/wp\/v2\/users\/1"}],"replies":[{"embeddable":true,"href":"https:\/\/tillansl.es\/en\/wp-json\/wp\/v2\/comments?post=455"}],"version-history":[{"count":17,"href":"https:\/\/tillansl.es\/en\/wp-json\/wp\/v2\/pages\/455\/revisions"}],"predecessor-version":[{"id":764,"href":"https:\/\/tillansl.es\/en\/wp-json\/wp\/v2\/pages\/455\/revisions\/764"}],"wp:attachment":[{"href":"https:\/\/tillansl.es\/en\/wp-json\/wp\/v2\/media?parent=455"}],"curies":[{"name":"wp","href":"https:\/\/api.w.org\/{rel}","templated":true}]}}