{"id":470,"date":"2018-08-24T09:02:29","date_gmt":"2018-08-24T09:02:29","guid":{"rendered":"http:\/\/www.tillansl.es\/services\/"},"modified":"2024-06-26T07:48:15","modified_gmt":"2024-06-26T07:48:15","slug":"services","status":"publish","type":"page","link":"https:\/\/tillansl.es\/en\/services\/","title":{"rendered":"Services"},"content":{"rendered":"<p>[vc_row full_width=&#8221;stretch_row&#8221; bg_type=&#8221;image&#8221; parallax_style=&#8221;vcpb-default&#8221; bg_image_new=&#8221;id^26|url^http:\/\/www.tillansl.es\/wp-content\/uploads\/2018\/06\/fondo_mundo.png|caption^null|alt^null|title^fondo_mundo|description^null&#8221; bg_img_attach=&#8221;fixed&#8221; css=&#8221;.vc_custom_1531985664615{padding-top: 40px !important;padding-bottom: 100px !important;background-color: #144893 !important;}&#8221;][vc_column][vc_row_inner][vc_column_inner width=&#8221;1\/12&#8243;][\/vc_column_inner][vc_column_inner width=&#8221;5\/6&#8243;][vc_column_text]<\/p>\n<h2 style=\"text-align: center; color: #fff; font-size: 55px; line-height: 63px;\">OUR SERVICES<\/h2>\n<p>[\/vc_column_text][vc_column_text]<\/p>\n<p style=\"text-align: center; color: #fff; font-size: 20px;\">At Transportes Ill\u00e1n, we offer a series of logistics-related services that we have been steadily improving over the course of our long history.<\/p>\n<p>[\/vc_column_text][\/vc_column_inner][vc_column_inner width=&#8221;1\/12&#8243;][\/vc_column_inner][\/vc_row_inner][vc_empty_space height=&#8221;40&#8243;][vc_row_inner][vc_column_inner width=&#8221;1\/3&#8243;]<div class=\"ult-new-ib ult-ib-effect-style2  ult-ib-resp ult-ib2-min-height \" data-min-width=\"768\" data-max-width=\"900\" style=\"background:#2d4482; opacity:0; \" data-opacity=\"0.8\" data-hover-opacity=\"0.3\"  data-min-height=\"180\" ><img decoding=\"async\" class=\"ult-new-ib-img\" style=\"opacity:0.8;\" alt=\"null\" src=\"https:\/\/tillansl.es\/wp-content\/uploads\/2018\/07\/01tt_l.jpg\"  data-min-height=\"180\"   \/><div id=\"interactive-banner-wrap-9216\" class=\"ult-new-ib-desc\" style=\"\"><h2 class=\"ult-new-ib-title ult-responsive\"  data-ultimate-target='#interactive-banner-wrap-9216 .ult-new-ib-title'  data-responsive-json-new='{\"font-size\":\"desktop:25px;\",\"line-height\":\"desktop:30px;\"}'  style=\"font-weight:bold;color:#ffffff;\">LAND CARRIAGE<\/h2><div class=\"ult-new-ib-content ult-responsive\"  data-ultimate-target='#interactive-banner-wrap-9216 .ult-new-ib-content'  data-responsive-json-new='{\"font-size\":\"\",\"line-height\":\"\"}'  style=\"font-weight:normal;\"><p>We offer a comprehensive overland haulage service with various options.<\/p><\/div><\/div><a class=\"ult-new-ib-link\" href=\"http:\/\/www.tillansl.es\/en\/land-carriage\/\"  ><\/a><\/div>[\/vc_column_inner][vc_column_inner width=&#8221;1\/3&#8243;]<div class=\"ult-new-ib ult-ib-effect-style2  ult-ib-resp ult-ib2-min-height \" data-min-width=\"768\" data-max-width=\"900\" style=\"background:#2d4482; opacity:0; \" data-opacity=\"0.8\" data-hover-opacity=\"0.3\"  data-min-height=\"180\" ><img decoding=\"async\" class=\"ult-new-ib-img\" style=\"opacity:0.8;\" alt=\"null\" src=\"https:\/\/tillansl.es\/wp-content\/uploads\/2018\/07\/02.pt_.jpg\"  data-min-height=\"180\"   \/><div id=\"interactive-banner-wrap-6162\" class=\"ult-new-ib-desc\" style=\"\"><h2 class=\"ult-new-ib-title ult-responsive\"  data-ultimate-target='#interactive-banner-wrap-6162 .ult-new-ib-title'  data-responsive-json-new='{\"font-size\":\"desktop:25px;\",\"line-height\":\"desktop:30px;\"}'  style=\"font-weight:bold;color:#ffffff;\">CONTAINERIZED CARRIAGE<\/h2><div class=\"ult-new-ib-content ult-responsive\"  data-ultimate-target='#interactive-banner-wrap-6162 .ult-new-ib-content'  data-responsive-json-new='{\"font-size\":\"\",\"line-height\":\"\"}'  style=\"font-weight:normal;\"><p>Experts in container haulage, we have the machinery to cope with any kind of work in this area.<\/p><\/div><\/div><a class=\"ult-new-ib-link\" href=\"http:\/\/www.tillansl.es\/en\/containerized-carriage\/\"  ><\/a><\/div>[\/vc_column_inner][vc_column_inner width=&#8221;1\/3&#8243;]<div class=\"ult-new-ib ult-ib-effect-style2  ult-ib-resp ult-ib2-min-height \" data-min-width=\"768\" data-max-width=\"900\" style=\"background:#2d4482; opacity:0; \" data-opacity=\"0.8\" data-hover-opacity=\"0.3\"  data-min-height=\"180\" ><img decoding=\"async\" class=\"ult-new-ib-img\" style=\"opacity:0.8;\" alt=\"null\" src=\"https:\/\/tillansl.es\/wp-content\/uploads\/2018\/07\/03al.jpg\"  data-min-height=\"180\"   \/><div id=\"interactive-banner-wrap-2942\" class=\"ult-new-ib-desc\" style=\"\"><h2 class=\"ult-new-ib-title ult-responsive\"  data-ultimate-target='#interactive-banner-wrap-2942 .ult-new-ib-title'  data-responsive-json-new='{\"font-size\":\"desktop:25px;\",\"line-height\":\"desktop:30px;\"}'  style=\"font-weight:bold;color:#ffffff;\">GOODS STORAGE<\/h2><div class=\"ult-new-ib-content ult-responsive\"  data-ultimate-target='#interactive-banner-wrap-2942 .ult-new-ib-content'  data-responsive-json-new='{\"font-size\":\"\",\"line-height\":\"\"}'  style=\"font-weight:normal;\"><p>We have 24,000 m2 of recently-constructed facilities.<\/p><\/div><\/div><a class=\"ult-new-ib-link\" href=\"http:\/\/www.tillansl.es\/en\/goods-storage\/\"  ><\/a><\/div>[\/vc_column_inner][vc_column_inner width=&#8221;1\/3&#8243;]<div class=\"ult-new-ib ult-ib-effect-style2  ult-ib-resp ult-ib2-min-height \" data-min-width=\"768\" data-max-width=\"900\" style=\"background:#2d4482; opacity:0; \" data-opacity=\"0.8\" data-hover-opacity=\"0.3\"  data-min-height=\"180\" ><img decoding=\"async\" class=\"ult-new-ib-img\" style=\"opacity:0.8;\" alt=\"null\" src=\"https:\/\/tillansl.es\/wp-content\/uploads\/2018\/07\/04dep.jpg\"  data-min-height=\"180\"   \/><div id=\"interactive-banner-wrap-6446\" class=\"ult-new-ib-desc\" style=\"\"><h2 class=\"ult-new-ib-title ult-responsive\"  data-ultimate-target='#interactive-banner-wrap-6446 .ult-new-ib-title'  data-responsive-json-new='{\"font-size\":\"desktop:25px;\",\"line-height\":\"desktop:30px;\"}'  style=\"font-weight:bold;color:#ffffff;\">CONTAINER YARD<\/h2><div class=\"ult-new-ib-content ult-responsive\"  data-ultimate-target='#interactive-banner-wrap-6446 .ult-new-ib-content'  data-responsive-json-new='{\"font-size\":\"\",\"line-height\":\"\"}'  style=\"font-weight:normal;\"><p>T. Ill\u00e1n has two container yards for multimodal container storage.<\/p><\/div><\/div><a class=\"ult-new-ib-link\" href=\"http:\/\/www.tillansl.es\/en\/container-yard\/\"  ><\/a><\/div>[\/vc_column_inner][vc_column_inner width=&#8221;1\/3&#8243;]<div class=\"ult-new-ib ult-ib-effect-style2  ult-ib-resp ult-ib2-min-height \" data-min-width=\"768\" data-max-width=\"900\" style=\"background:#2d4482; opacity:0; \" data-opacity=\"0.8\" data-hover-opacity=\"0.3\"  data-min-height=\"180\" ><img decoding=\"async\" class=\"ult-new-ib-img\" style=\"opacity:0.8;\" alt=\"null\" src=\"https:\/\/tillansl.es\/wp-content\/uploads\/2018\/07\/05opl.jpg\"  data-min-height=\"180\"   \/><div id=\"interactive-banner-wrap-3501\" class=\"ult-new-ib-desc\" style=\"\"><h2 class=\"ult-new-ib-title ult-responsive\"  data-ultimate-target='#interactive-banner-wrap-3501 .ult-new-ib-title'  data-responsive-json-new='{\"font-size\":\"desktop:25px;\",\"line-height\":\"desktop:30px;\"}'  style=\"font-weight:bold;color:#ffffff;\">LOGISTICS OPERATOR<\/h2><div class=\"ult-new-ib-content ult-responsive\"  data-ultimate-target='#interactive-banner-wrap-3501 .ult-new-ib-content'  data-responsive-json-new='{\"font-size\":\"\",\"line-height\":\"\"}'  style=\"font-weight:normal;\"><p>T. Ill\u00e1n, S.L. specializes in studying, analysing and providing solutions for its customers\u2019 logistics requirements.<\/p><\/div><\/div><a class=\"ult-new-ib-link\" href=\"http:\/\/www.tillansl.es\/en\/logistics-operator\/\"  ><\/a><\/div>[\/vc_column_inner][vc_column_inner width=&#8221;1\/3&#8243;]<div class=\"ult-new-ib ult-ib-effect-style2  ult-ib-resp ult-ib2-min-height \" data-min-width=\"768\" data-max-width=\"900\" style=\"background:#2d4482; opacity:0; \" data-opacity=\"0.8\" data-hover-opacity=\"0.3\"  data-min-height=\"180\" ><img decoding=\"async\" class=\"ult-new-ib-img\" style=\"opacity:0.8;\" alt=\"null\" src=\"https:\/\/tillansl.es\/wp-content\/uploads\/2018\/07\/06mas.jpg\"  data-min-height=\"180\"   \/><div id=\"interactive-banner-wrap-7782\" class=\"ult-new-ib-desc\" style=\"\"><h2 class=\"ult-new-ib-title ult-responsive\"  data-ultimate-target='#interactive-banner-wrap-7782 .ult-new-ib-title'  data-responsive-json-new='{\"font-size\":\"desktop:25px;\",\"line-height\":\"desktop:30px;\"}'  style=\"font-weight:bold;color:#ffffff;\">OTHER SERVICES<\/h2><div class=\"ult-new-ib-content ult-responsive\"  data-ultimate-target='#interactive-banner-wrap-7782 .ult-new-ib-content'  data-responsive-json-new='{\"font-size\":\"\",\"line-height\":\"\"}'  style=\"font-weight:normal;\"><p>At Transportes Ill\u00e1n, we offer you a wide range of complementary logistics-related services.<\/p><\/div><\/div><a class=\"ult-new-ib-link\" href=\"http:\/\/www.tillansl.es\/en\/other-services\/\"  ><\/a><\/div>[\/vc_column_inner][\/vc_row_inner][\/vc_column][\/vc_row]<\/p>\n","protected":false},"excerpt":{"rendered":"<p>[vc_row full_width=&#8221;stretch_row&#8221; bg_type=&#8221;image&#8221; parallax_style=&#8221;vcpb-default&#8221; bg_image_new=&#8221;id^26|url^http:\/\/www.tillansl.es\/wp-content\/uploads\/2018\/06\/fondo_mundo.png|caption^null|alt^null|title^fondo_mundo|description^null&#8221; bg_img_attach=&#8221;fixed&#8221; css=&#8221;.vc_custom_1531985664615{padding-top: 40px !important;padding-bottom: 100px !important;background-color: #144893 !important;}&#8221;][vc_column][vc_row_inner][vc_column_inner width=&#8221;1\/12&#8243;][\/vc_column_inner][vc_column_inner width=&#8221;5\/6&#8243;][vc_column_text] OUR SERVICES [\/vc_column_text][vc_column_text] At Transportes Ill\u00e1n, we offer a series of logistics-related services that we have been steadily improving over the course of our long history. [\/vc_column_text][\/vc_column_inner][vc_column_inner width=&#8221;1\/12&#8243;][\/vc_column_inner][\/vc_row_inner][vc_empty_space height=&#8221;40&#8243;][vc_row_inner][vc_column_inner width=&#8221;1\/3&#8243;][\/vc_column_inner][vc_column_inner width=&#8221;1\/3&#8243;][\/vc_column_inner][vc_column_inner width=&#8221;1\/3&#8243;][\/vc_column_inner][vc_column_inner width=&#8221;1\/3&#8243;][\/vc_column_inner][vc_column_inner width=&#8221;1\/3&#8243;][\/vc_column_inner][vc_column_inner width=&#8221;1\/3&#8243;][\/vc_column_inner][\/vc_row_inner][\/vc_column][\/vc_row]<\/p>\n","protected":false},"author":1,"featured_media":0,"parent":0,"menu_order":0,"comment_status":"closed","ping_status":"closed","template":"","meta":{"footnotes":""},"yoast_head":"<!-- This site is optimized with the Yoast SEO plugin v22.8 - https:\/\/yoast.com\/wordpress\/plugins\/seo\/ -->\n<title>National and International Transport, containers\u2026 | T. Ill\u00e1n<\/title>\n<meta name=\"description\" content=\"Comprehensive supply chain services: land and sea transport, cargo lashing and industrial logistics - click and find out more!\" \/>\n<meta name=\"robots\" content=\"index, follow, max-snippet:-1, max-image-preview:large, max-video-preview:-1\" \/>\n<link rel=\"canonical\" href=\"https:\/\/tillansl.es\/en\/services\/\" \/>\n<meta property=\"og:locale\" content=\"en_US\" \/>\n<meta property=\"og:type\" content=\"article\" \/>\n<meta property=\"og:title\" content=\"National and International Transport, containers\u2026 | T. Ill\u00e1n\" \/>\n<meta property=\"og:description\" content=\"Comprehensive supply chain services: land and sea transport, cargo lashing and industrial logistics - click and find out more!\" \/>\n<meta property=\"og:url\" content=\"https:\/\/tillansl.es\/en\/services\/\" \/>\n<meta property=\"og:site_name\" content=\"Transportes Ill\u00e1n\" \/>\n<meta property=\"article:modified_time\" content=\"2024-06-26T07:48:15+00:00\" \/>\n<meta name=\"twitter:card\" content=\"summary_large_image\" \/>\n<meta name=\"twitter:label1\" content=\"Est. reading time\" \/>\n\t<meta name=\"twitter:data1\" content=\"1 minute\" \/>\n<script type=\"application\/ld+json\" class=\"yoast-schema-graph\">{\"@context\":\"https:\/\/schema.org\",\"@graph\":[{\"@type\":\"WebPage\",\"@id\":\"https:\/\/tillansl.es\/en\/services\/\",\"url\":\"https:\/\/tillansl.es\/en\/services\/\",\"name\":\"National and International Transport, containers\u2026 | T. Ill\u00e1n\",\"isPartOf\":{\"@id\":\"https:\/\/tillansl.es\/#website\"},\"datePublished\":\"2018-08-24T09:02:29+00:00\",\"dateModified\":\"2024-06-26T07:48:15+00:00\",\"description\":\"Comprehensive supply chain services: land and sea transport, cargo lashing and industrial logistics - click and find out more!\",\"breadcrumb\":{\"@id\":\"https:\/\/tillansl.es\/en\/services\/#breadcrumb\"},\"inLanguage\":\"en-US\",\"potentialAction\":[{\"@type\":\"ReadAction\",\"target\":[\"https:\/\/tillansl.es\/en\/services\/\"]}]},{\"@type\":\"BreadcrumbList\",\"@id\":\"https:\/\/tillansl.es\/en\/services\/#breadcrumb\",\"itemListElement\":[{\"@type\":\"ListItem\",\"position\":1,\"name\":\"Portada\",\"item\":\"https:\/\/tillansl.es\/en\/\"},{\"@type\":\"ListItem\",\"position\":2,\"name\":\"Services\"}]},{\"@type\":\"WebSite\",\"@id\":\"https:\/\/tillansl.es\/#website\",\"url\":\"https:\/\/tillansl.es\/\",\"name\":\"Transportes Ill\u00e1n\",\"description\":\"Empresa l\u00edder en el transporte de mercanc\u00edas peligrosas y residuos\",\"alternateName\":\"T. Ill\u00e1n\",\"potentialAction\":[{\"@type\":\"SearchAction\",\"target\":{\"@type\":\"EntryPoint\",\"urlTemplate\":\"https:\/\/tillansl.es\/?s={search_term_string}\"},\"query-input\":\"required name=search_term_string\"}],\"inLanguage\":\"en-US\"}]}<\/script>\n<!-- \/ Yoast SEO plugin. -->","yoast_head_json":{"title":"National and International Transport, containers\u2026 | T. Ill\u00e1n","description":"Comprehensive supply chain services: land and sea transport, cargo lashing and industrial logistics - click and find out more!","robots":{"index":"index","follow":"follow","max-snippet":"max-snippet:-1","max-image-preview":"max-image-preview:large","max-video-preview":"max-video-preview:-1"},"canonical":"https:\/\/tillansl.es\/en\/services\/","og_locale":"en_US","og_type":"article","og_title":"National and International Transport, containers\u2026 | T. Ill\u00e1n","og_description":"Comprehensive supply chain services: land and sea transport, cargo lashing and industrial logistics - click and find out more!","og_url":"https:\/\/tillansl.es\/en\/services\/","og_site_name":"Transportes Ill\u00e1n","article_modified_time":"2024-06-26T07:48:15+00:00","twitter_card":"summary_large_image","twitter_misc":{"Est. reading time":"1 minute"},"schema":{"@context":"https:\/\/schema.org","@graph":[{"@type":"WebPage","@id":"https:\/\/tillansl.es\/en\/services\/","url":"https:\/\/tillansl.es\/en\/services\/","name":"National and International Transport, containers\u2026 | T. Ill\u00e1n","isPartOf":{"@id":"https:\/\/tillansl.es\/#website"},"datePublished":"2018-08-24T09:02:29+00:00","dateModified":"2024-06-26T07:48:15+00:00","description":"Comprehensive supply chain services: land and sea transport, cargo lashing and industrial logistics - click and find out more!","breadcrumb":{"@id":"https:\/\/tillansl.es\/en\/services\/#breadcrumb"},"inLanguage":"en-US","potentialAction":[{"@type":"ReadAction","target":["https:\/\/tillansl.es\/en\/services\/"]}]},{"@type":"BreadcrumbList","@id":"https:\/\/tillansl.es\/en\/services\/#breadcrumb","itemListElement":[{"@type":"ListItem","position":1,"name":"Portada","item":"https:\/\/tillansl.es\/en\/"},{"@type":"ListItem","position":2,"name":"Services"}]},{"@type":"WebSite","@id":"https:\/\/tillansl.es\/#website","url":"https:\/\/tillansl.es\/","name":"Transportes Ill\u00e1n","description":"Empresa l\u00edder en el transporte de mercanc\u00edas peligrosas y residuos","alternateName":"T. Ill\u00e1n","potentialAction":[{"@type":"SearchAction","target":{"@type":"EntryPoint","urlTemplate":"https:\/\/tillansl.es\/?s={search_term_string}"},"query-input":"required name=search_term_string"}],"inLanguage":"en-US"}]}},"_links":{"self":[{"href":"https:\/\/tillansl.es\/en\/wp-json\/wp\/v2\/pages\/470"}],"collection":[{"href":"https:\/\/tillansl.es\/en\/wp-json\/wp\/v2\/pages"}],"about":[{"href":"https:\/\/tillansl.es\/en\/wp-json\/wp\/v2\/types\/page"}],"author":[{"embeddable":true,"href":"https:\/\/tillansl.es\/en\/wp-json\/wp\/v2\/users\/1"}],"replies":[{"embeddable":true,"href":"https:\/\/tillansl.es\/en\/wp-json\/wp\/v2\/comments?post=470"}],"version-history":[{"count":6,"href":"https:\/\/tillansl.es\/en\/wp-json\/wp\/v2\/pages\/470\/revisions"}],"predecessor-version":[{"id":523,"href":"https:\/\/tillansl.es\/en\/wp-json\/wp\/v2\/pages\/470\/revisions\/523"}],"wp:attachment":[{"href":"https:\/\/tillansl.es\/en\/wp-json\/wp\/v2\/media?parent=470"}],"curies":[{"name":"wp","href":"https:\/\/api.w.org\/{rel}","templated":true}]}}