{"id":492,"date":"2018-08-24T10:02:05","date_gmt":"2018-08-24T10:02:05","guid":{"rendered":"http:\/\/www.tillansl.es\/logistics-operator\/"},"modified":"2024-06-26T08:09:13","modified_gmt":"2024-06-26T08:09:13","slug":"logistics-operator","status":"publish","type":"page","link":"https:\/\/tillansl.es\/en\/logistics-operator\/","title":{"rendered":"Logistics operator"},"content":{"rendered":"<p>[vc_row][vc_column][vc_column_text css=&#8221;.vc_custom_1531990769994{margin-bottom: 0px !important;}&#8221;]<\/p>\n<h2 style=\"line-height: 22px;\"><span style=\"color: #144893; font-weight: 100; font-size: 20px; line-height: 22px !important;\">LOGISTICS OPERATOR<\/span><\/h2>\n<p>[\/vc_column_text][vc_empty_space height=&#8221;10px&#8221;][\/vc_column][\/vc_row][vc_row full_width=&#8221;stretch_row_content_no_spaces&#8221; bg_type=&#8221;bg_color&#8221; bg_color_value=&#8221;#ffffff&#8221; el_id=&#8221;contenedores&#8221;][vc_column css=&#8221;.vc_custom_1531911790151{margin-bottom: -10px !important;}&#8221;][vc_single_image image=&#8221;197&#8243; img_size=&#8221;full&#8221; css=&#8221;.vc_custom_1531915978056{margin-top: -35px !important;}&#8221;][vc_column_text css=&#8221;.vc_custom_1531915842461{margin-top: -20px !important;padding-right: 30px !important;padding-left: 30px !important;}&#8221;]As a logistics operator, T. Ill\u00e1n, S.L. specializes in studying, analysing and meeting the logistics needs of its customers: supply, carriage, storage and distribution of goods, in addition to intermodal traffic management.[\/vc_column_text]<div id=\"modal-trg-txt-wrap-1984\" class=\"ult-modal-input-wrapper ult-adjust-bottom-margin   vc_custom_1531992283875  \" data-keypress-control=\"keypress-control-enable\" data-overlay-control=\"overlay-control-enable\"><span  data-ultimate-target='#modal-trg-txt-wrap-1984 .mycust'  data-responsive-json-new='{\"font-size\":\"desktop:16px;\",\"line-height\":\"\"}'  style=\"color:#278bd9;cursor:pointer; \" data-class-id=\"content-69d02527b0a740-96779959\" class=\"overlay-show ult-responsive mycust ult-align-left\" data-overlay-class=\"overlay-fade\">REQUEST INFORMATION &gt;<\/span><\/div>\n<div class=\"ult-overlay content-69d02527b0a740-96779959 \" data-class=\"content-69d02527b0a740-96779959\" id=\"button-click-overlay\" style=\"background:rgba(51,51,51,0.3); display:none;\">\n\t<div class=\"ult_modal ult-fade ult-small\">\n\t<div class=\"ult-overlay-close popup-edge-top-right\" style=\"width:15px;height:15px; background-color: #278bd9;border-radius: 50%;padding:10px;box-sizing: content-box; top:-17.5px;right:-17.5px;\"><div class=\"ult-overlay-close-inside\">Close<\/div><\/div>\n\t\t<div id=\"ult-modal-wrap-4751\" class=\"ult_modal-content ult-hide\" style=\"border-style:solid;border-width:2px;border-radius:0px;border-color:#333333;\">\n\t\t\t<div class=\"ult_modal-header\" style=\"background:#144893;color:#ffffff;border-color:#333333;\">\n\t\t\t\t<h3  data-ultimate-target='#ult-modal-wrap-4751 .ult_modal-title'  data-responsive-json-new='{\"font-size\":\"\",\"line-height\":\"\"}'  class=\"ult_modal-title ult-responsive\">LOGISTICS OPERATOR<\/h3>\n\t\t\t<\/div>\n\t\t\t<div  data-ultimate-target='#ult-modal-wrap-4751 .ult_modal-body'  data-responsive-json-new='{\"font-size\":\"\",\"line-height\":\"\"}'  class=\"ult_modal-body ult-responsive ult-html\" style=\"background:#278bd9;color:#ffffff;\">\n\t\t\t<span style=\"color: #144893;\">Hi there! Do you need information about any of our products? Fill in the form below to tell us what you would like to know, and we will get back to you as quickly as we can.<br \/>\n<\/span><\/p>\n<p><span style=\"color: #144893;\">Thanks<\/span><\/p>\n<div class=\"wpcf7 no-js\" id=\"wpcf7-f219-o1\" lang=\"es-ES\" dir=\"ltr\">\n<div class=\"screen-reader-response\"><p role=\"status\" aria-live=\"polite\" aria-atomic=\"true\"><\/p> <ul><\/ul><\/div>\n<form action=\"\/en\/wp-json\/wp\/v2\/pages\/492#wpcf7-f219-o1\" method=\"post\" class=\"wpcf7-form init\" aria-label=\"Formulario de contacto\" novalidate=\"novalidate\" data-status=\"init\">\n<div style=\"display: none;\">\n<input type=\"hidden\" name=\"_wpcf7\" value=\"219\" \/>\n<input type=\"hidden\" name=\"_wpcf7_version\" value=\"5.9.5\" \/>\n<input type=\"hidden\" name=\"_wpcf7_locale\" value=\"es_ES\" \/>\n<input type=\"hidden\" name=\"_wpcf7_unit_tag\" value=\"wpcf7-f219-o1\" \/>\n<input type=\"hidden\" name=\"_wpcf7_container_post\" value=\"0\" \/>\n<input type=\"hidden\" name=\"_wpcf7_posted_data_hash\" value=\"\" \/>\n<input type=\"hidden\" name=\"_wpcf7_recaptcha_response\" value=\"\" \/>\n<\/div>\n<p><label><span class=\"wpcf7-form-control-wrap\" data-name=\"your-name\"><input size=\"40\" class=\"wpcf7-form-control wpcf7-text wpcf7-validates-as-required\" aria-required=\"true\" aria-invalid=\"false\" placeholder=\"Nombre*\" value=\"\" type=\"text\" name=\"your-name\" \/><\/span> <\/label>\n<\/p>\n<p><label><span class=\"wpcf7-form-control-wrap\" data-name=\"your-email\"><input size=\"40\" class=\"wpcf7-form-control wpcf7-email wpcf7-validates-as-required wpcf7-text wpcf7-validates-as-email\" aria-required=\"true\" aria-invalid=\"false\" placeholder=\"Email*\" value=\"\" type=\"email\" name=\"your-email\" \/><\/span> <\/label>\n<\/p>\n<p><label><span class=\"wpcf7-form-control-wrap\" data-name=\"your-subject\"><input size=\"40\" class=\"wpcf7-form-control wpcf7-text\" aria-invalid=\"false\" placeholder=\"Asunto\" value=\"\" type=\"text\" name=\"your-subject\" \/><\/span> <\/label>\n<\/p>\n<p><label><span class=\"wpcf7-form-control-wrap\" data-name=\"your-message\"><textarea cols=\"40\" rows=\"4\" class=\"wpcf7-form-control wpcf7-textarea\" aria-invalid=\"false\" placeholder=\"Mensaje\" name=\"your-message\"><\/textarea><\/span> <\/label>\n<\/p>\n<p><label> <span class=\"wpcf7-form-control-wrap\" data-name=\"acceptance-325\"><span class=\"wpcf7-form-control wpcf7-acceptance\"><span class=\"wpcf7-list-item\"><label><input type=\"checkbox\" name=\"acceptance-325\" value=\"1\" aria-invalid=\"false\" \/><span class=\"wpcf7-list-item-label\">He le\u00eddo y acepto el <a href=\"https:\/\/www.tillansl.es\/aviso-legal\/\" style=\"color:#144893;\">aviso legal <\/a> <a href=\"https:\/\/tillansl.es\/politica-de-privacidad\/\/\" style=\"color:#144893;\">y la pol\u00edtica de privacidad.<\/a><\/span><\/label><\/span><\/span><\/span><\/label>\n<\/p>\n<p><input class=\"wpcf7-form-control wpcf7-submit has-spinner\" type=\"submit\" value=\"Enviar\" \/>\n<\/p><div class=\"wpcf7-response-output\" aria-hidden=\"true\"><\/div>\n<\/form>\n<\/div>\n\n\t\t\t<\/div>\n\t<\/div>\n\t<\/div>\n<\/div>[\/vc_column][\/vc_row][vc_row][vc_column][vc_empty_space height=&#8221;40px&#8221;][\/vc_column][\/vc_row]<\/p>\n","protected":false},"excerpt":{"rendered":"<p>[vc_row][vc_column][vc_column_text css=&#8221;.vc_custom_1531990769994{margin-bottom: 0px !important;}&#8221;] LOGISTICS OPERATOR [\/vc_column_text][vc_empty_space height=&#8221;10px&#8221;][\/vc_column][\/vc_row][vc_row full_width=&#8221;stretch_row_content_no_spaces&#8221; bg_type=&#8221;bg_color&#8221; bg_color_value=&#8221;#ffffff&#8221; el_id=&#8221;contenedores&#8221;][vc_column css=&#8221;.vc_custom_1531911790151{margin-bottom: -10px !important;}&#8221;][vc_single_image image=&#8221;197&#8243; img_size=&#8221;full&#8221; css=&#8221;.vc_custom_1531915978056{margin-top: -35px !important;}&#8221;][vc_column_text css=&#8221;.vc_custom_1531915842461{margin-top: -20px !important;padding-right: 30px !important;padding-left: 30px !important;}&#8221;]As a logistics operator, T. Ill\u00e1n, S.L. specializes in studying, analysing and meeting the logistics needs of its customers: supply, carriage, storage and distribution of goods, in addition to&hellip;<\/p>\n","protected":false},"author":1,"featured_media":0,"parent":0,"menu_order":0,"comment_status":"closed","ping_status":"closed","template":"","meta":{"footnotes":""},"yoast_head":"<!-- This site is optimized with the Yoast SEO plugin v22.8 - https:\/\/yoast.com\/wordpress\/plugins\/seo\/ -->\n<title>Logistics operator: transportation, storage and distribution<\/title>\n<meta name=\"description\" content=\"Customised multimodal solutions for any type of cargo, optimising routes and combining the best of each means of transport. Greater efficiency in processes, time and cost\" \/>\n<meta name=\"robots\" content=\"index, follow, max-snippet:-1, max-image-preview:large, max-video-preview:-1\" \/>\n<link rel=\"canonical\" href=\"https:\/\/tillansl.es\/en\/logistics-operator\/\" \/>\n<meta property=\"og:locale\" content=\"en_US\" \/>\n<meta property=\"og:type\" content=\"article\" \/>\n<meta property=\"og:title\" content=\"Logistics operator: transportation, storage and distribution\" \/>\n<meta property=\"og:description\" content=\"Customised multimodal solutions for any type of cargo, optimising routes and combining the best of each means of transport. Greater efficiency in processes, time and cost\" \/>\n<meta property=\"og:url\" content=\"https:\/\/tillansl.es\/en\/logistics-operator\/\" \/>\n<meta property=\"og:site_name\" content=\"Transportes Ill\u00e1n\" \/>\n<meta property=\"article:modified_time\" content=\"2024-06-26T08:09:13+00:00\" \/>\n<meta name=\"twitter:card\" content=\"summary_large_image\" \/>\n<meta name=\"twitter:label1\" content=\"Est. reading time\" \/>\n\t<meta name=\"twitter:data1\" content=\"1 minute\" \/>\n<script type=\"application\/ld+json\" class=\"yoast-schema-graph\">{\"@context\":\"https:\/\/schema.org\",\"@graph\":[{\"@type\":\"WebPage\",\"@id\":\"https:\/\/tillansl.es\/en\/logistics-operator\/\",\"url\":\"https:\/\/tillansl.es\/en\/logistics-operator\/\",\"name\":\"Logistics operator: transportation, storage and distribution\",\"isPartOf\":{\"@id\":\"https:\/\/tillansl.es\/#website\"},\"datePublished\":\"2018-08-24T10:02:05+00:00\",\"dateModified\":\"2024-06-26T08:09:13+00:00\",\"description\":\"Customised multimodal solutions for any type of cargo, optimising routes and combining the best of each means of transport. Greater efficiency in processes, time and cost\",\"breadcrumb\":{\"@id\":\"https:\/\/tillansl.es\/en\/logistics-operator\/#breadcrumb\"},\"inLanguage\":\"en-US\",\"potentialAction\":[{\"@type\":\"ReadAction\",\"target\":[\"https:\/\/tillansl.es\/en\/logistics-operator\/\"]}]},{\"@type\":\"BreadcrumbList\",\"@id\":\"https:\/\/tillansl.es\/en\/logistics-operator\/#breadcrumb\",\"itemListElement\":[{\"@type\":\"ListItem\",\"position\":1,\"name\":\"Portada\",\"item\":\"https:\/\/tillansl.es\/en\/\"},{\"@type\":\"ListItem\",\"position\":2,\"name\":\"Logistics operator\"}]},{\"@type\":\"WebSite\",\"@id\":\"https:\/\/tillansl.es\/#website\",\"url\":\"https:\/\/tillansl.es\/\",\"name\":\"Transportes Ill\u00e1n\",\"description\":\"Empresa l\u00edder en el transporte de mercanc\u00edas peligrosas y residuos\",\"alternateName\":\"T. Ill\u00e1n\",\"potentialAction\":[{\"@type\":\"SearchAction\",\"target\":{\"@type\":\"EntryPoint\",\"urlTemplate\":\"https:\/\/tillansl.es\/?s={search_term_string}\"},\"query-input\":\"required name=search_term_string\"}],\"inLanguage\":\"en-US\"}]}<\/script>\n<!-- \/ Yoast SEO plugin. -->","yoast_head_json":{"title":"Logistics operator: transportation, storage and distribution","description":"Customised multimodal solutions for any type of cargo, optimising routes and combining the best of each means of transport. Greater efficiency in processes, time and cost","robots":{"index":"index","follow":"follow","max-snippet":"max-snippet:-1","max-image-preview":"max-image-preview:large","max-video-preview":"max-video-preview:-1"},"canonical":"https:\/\/tillansl.es\/en\/logistics-operator\/","og_locale":"en_US","og_type":"article","og_title":"Logistics operator: transportation, storage and distribution","og_description":"Customised multimodal solutions for any type of cargo, optimising routes and combining the best of each means of transport. Greater efficiency in processes, time and cost","og_url":"https:\/\/tillansl.es\/en\/logistics-operator\/","og_site_name":"Transportes Ill\u00e1n","article_modified_time":"2024-06-26T08:09:13+00:00","twitter_card":"summary_large_image","twitter_misc":{"Est. reading time":"1 minute"},"schema":{"@context":"https:\/\/schema.org","@graph":[{"@type":"WebPage","@id":"https:\/\/tillansl.es\/en\/logistics-operator\/","url":"https:\/\/tillansl.es\/en\/logistics-operator\/","name":"Logistics operator: transportation, storage and distribution","isPartOf":{"@id":"https:\/\/tillansl.es\/#website"},"datePublished":"2018-08-24T10:02:05+00:00","dateModified":"2024-06-26T08:09:13+00:00","description":"Customised multimodal solutions for any type of cargo, optimising routes and combining the best of each means of transport. Greater efficiency in processes, time and cost","breadcrumb":{"@id":"https:\/\/tillansl.es\/en\/logistics-operator\/#breadcrumb"},"inLanguage":"en-US","potentialAction":[{"@type":"ReadAction","target":["https:\/\/tillansl.es\/en\/logistics-operator\/"]}]},{"@type":"BreadcrumbList","@id":"https:\/\/tillansl.es\/en\/logistics-operator\/#breadcrumb","itemListElement":[{"@type":"ListItem","position":1,"name":"Portada","item":"https:\/\/tillansl.es\/en\/"},{"@type":"ListItem","position":2,"name":"Logistics operator"}]},{"@type":"WebSite","@id":"https:\/\/tillansl.es\/#website","url":"https:\/\/tillansl.es\/","name":"Transportes Ill\u00e1n","description":"Empresa l\u00edder en el transporte de mercanc\u00edas peligrosas y residuos","alternateName":"T. Ill\u00e1n","potentialAction":[{"@type":"SearchAction","target":{"@type":"EntryPoint","urlTemplate":"https:\/\/tillansl.es\/?s={search_term_string}"},"query-input":"required name=search_term_string"}],"inLanguage":"en-US"}]}},"_links":{"self":[{"href":"https:\/\/tillansl.es\/en\/wp-json\/wp\/v2\/pages\/492"}],"collection":[{"href":"https:\/\/tillansl.es\/en\/wp-json\/wp\/v2\/pages"}],"about":[{"href":"https:\/\/tillansl.es\/en\/wp-json\/wp\/v2\/types\/page"}],"author":[{"embeddable":true,"href":"https:\/\/tillansl.es\/en\/wp-json\/wp\/v2\/users\/1"}],"replies":[{"embeddable":true,"href":"https:\/\/tillansl.es\/en\/wp-json\/wp\/v2\/comments?post=492"}],"version-history":[{"count":1,"href":"https:\/\/tillansl.es\/en\/wp-json\/wp\/v2\/pages\/492\/revisions"}],"predecessor-version":[{"id":493,"href":"https:\/\/tillansl.es\/en\/wp-json\/wp\/v2\/pages\/492\/revisions\/493"}],"wp:attachment":[{"href":"https:\/\/tillansl.es\/en\/wp-json\/wp\/v2\/media?parent=492"}],"curies":[{"name":"wp","href":"https:\/\/api.w.org\/{rel}","templated":true}]}}